{"id":528,"date":"2022-05-11T17:27:11","date_gmt":"2022-05-11T17:27:11","guid":{"rendered":"https:\/\/www.spi.org.py\/directorio\/?page_id=528"},"modified":"2022-05-11T17:32:36","modified_gmt":"2022-05-11T17:32:36","slug":"carlos-alberto-centurion-romero","status":"publish","type":"page","link":"https:\/\/www.spi.org.py\/directorio\/carlos-alberto-centurion-romero\/","title":{"rendered":"Carlos Alberto Centuri\u00f3n Romero"},"content":{"rendered":"\n<div class=\"wp-block-media-text alignwide is-stacked-on-mobile is-vertically-aligned-top\" style=\"grid-template-columns:17% auto\"><figure class=\"wp-block-media-text__media\"><img loading=\"lazy\" decoding=\"async\" width=\"512\" height=\"512\" src=\"https:\/\/www.spi.org.py\/directorio\/wp-content\/uploads\/2022\/04\/cropped-unknowimage2.jpg\" alt=\"\" class=\"wp-image-216 size-full\" srcset=\"https:\/\/www.spi.org.py\/directorio\/wp-content\/uploads\/2022\/04\/cropped-unknowimage2.jpg 512w, https:\/\/www.spi.org.py\/directorio\/wp-content\/uploads\/2022\/04\/cropped-unknowimage2-300x300.jpg 300w, https:\/\/www.spi.org.py\/directorio\/wp-content\/uploads\/2022\/04\/cropped-unknowimage2-150x150.jpg 150w, https:\/\/www.spi.org.py\/directorio\/wp-content\/uploads\/2022\/04\/cropped-unknowimage2-270x270.jpg 270w, https:\/\/www.spi.org.py\/directorio\/wp-content\/uploads\/2022\/04\/cropped-unknowimage2-192x192.jpg 192w, https:\/\/www.spi.org.py\/directorio\/wp-content\/uploads\/2022\/04\/cropped-unknowimage2-180x180.jpg 180w, https:\/\/www.spi.org.py\/directorio\/wp-content\/uploads\/2022\/04\/cropped-unknowimage2-32x32.jpg 32w\" sizes=\"auto, (max-width: 512px) 100vw, 512px\" \/><\/figure><div class=\"wp-block-media-text__content\">\n<p><strong>Especialidad:<\/strong><br>Infectolog\u00eda Cl\u00ednica<\/p>\n\n\n\n<p><strong>Consultorio:<\/strong><br>Pilar 1663 casi M\u00e9dicos del Chaco. Barrio nazareth.<br><strong>Horario de Atenci\u00f3n:<\/strong><br>Lunes a viernes a partir de las 18hs<br><strong>Tel\u00e9fonos<\/strong><br>0981-558511<\/p>\n<\/div><\/div>\n\n\n\n<hr class=\"wp-block-separator is-style-wide\"\/>\n\n\n\n<div class=\"wp-block-buttons is-content-justification-center is-layout-flex wp-container-core-buttons-is-layout-16018d1d wp-block-buttons-is-layout-flex\">\n<div class=\"wp-block-button is-style-shadow\"><a class=\"wp-block-button__link has-white-color has-text-color has-background\" href=\"https:\/\/www.spi.org.py\/directorio\/\" style=\"border-radius:1px;background-color:#127e57\">Volver al Directorio<\/a><\/div>\n<\/div>\n","protected":false},"excerpt":{"rendered":"<p>Especialidad:Infectolog\u00eda Cl\u00ednica Consultorio:Pilar 1663 casi M\u00e9dicos del Chaco. Barrio nazareth.Horario de Atenci\u00f3n:Lunes a viernes a partir de las 18hsTel\u00e9fonos0981-558511<\/p>\n","protected":false},"author":1,"featured_media":0,"parent":0,"menu_order":0,"comment_status":"closed","ping_status":"closed","template":"fullwidth.php","meta":{"_coblocks_attr":"","_coblocks_dimensions":"","_coblocks_responsive_height":"","_coblocks_accordion_ie_support":"","footnotes":""},"class_list":["post-528","page","type-page","status-publish","hentry"],"_links":{"self":[{"href":"https:\/\/www.spi.org.py\/directorio\/wp-json\/wp\/v2\/pages\/528","targetHints":{"allow":["GET"]}}],"collection":[{"href":"https:\/\/www.spi.org.py\/directorio\/wp-json\/wp\/v2\/pages"}],"about":[{"href":"https:\/\/www.spi.org.py\/directorio\/wp-json\/wp\/v2\/types\/page"}],"author":[{"embeddable":true,"href":"https:\/\/www.spi.org.py\/directorio\/wp-json\/wp\/v2\/users\/1"}],"replies":[{"embeddable":true,"href":"https:\/\/www.spi.org.py\/directorio\/wp-json\/wp\/v2\/comments?post=528"}],"version-history":[{"count":3,"href":"https:\/\/www.spi.org.py\/directorio\/wp-json\/wp\/v2\/pages\/528\/revisions"}],"predecessor-version":[{"id":534,"href":"https:\/\/www.spi.org.py\/directorio\/wp-json\/wp\/v2\/pages\/528\/revisions\/534"}],"wp:attachment":[{"href":"https:\/\/www.spi.org.py\/directorio\/wp-json\/wp\/v2\/media?parent=528"}],"curies":[{"name":"wp","href":"https:\/\/api.w.org\/{rel}","templated":true}]}}