{"id":523,"date":"2022-05-11T17:15:43","date_gmt":"2022-05-11T17:15:43","guid":{"rendered":"https:\/\/www.spi.org.py\/directorio\/?page_id=523"},"modified":"2022-05-11T17:33:59","modified_gmt":"2022-05-11T17:33:59","slug":"limpia-concepcion-ojeda","status":"publish","type":"page","link":"https:\/\/www.spi.org.py\/directorio\/limpia-concepcion-ojeda\/","title":{"rendered":"Limpia Concepci\u00f3n Ojeda"},"content":{"rendered":"\n<div class=\"wp-block-media-text alignwide is-stacked-on-mobile is-vertically-aligned-top\" style=\"grid-template-columns:17% auto\"><figure class=\"wp-block-media-text__media\"><img loading=\"lazy\" decoding=\"async\" width=\"150\" height=\"150\" src=\"https:\/\/www.spi.org.py\/directorio\/wp-content\/uploads\/2022\/05\/limpiaojeda.jpg\" alt=\"\" class=\"wp-image-524 size-full\"\/><\/figure><div class=\"wp-block-media-text__content\">\n<p><strong>Especialidad:<\/strong><br>Infectolog\u00eda Pedi\u00e1trica<\/p>\n\n\n\n<p><strong>Consultorio:<\/strong><br>Hospital Universitario de San Lorenzo<br><strong>Horario de Atenci\u00f3n:<\/strong><br>Lunes 09:00 A 11.00<\/p>\n<\/div><\/div>\n\n\n\n<hr class=\"wp-block-separator is-style-wide\"\/>\n\n\n\n<div class=\"wp-block-buttons is-content-justification-center is-layout-flex wp-container-core-buttons-is-layout-16018d1d wp-block-buttons-is-layout-flex\">\n<div class=\"wp-block-button is-style-shadow\"><a class=\"wp-block-button__link has-white-color has-text-color has-background\" href=\"https:\/\/www.spi.org.py\/directorio\/\" style=\"border-radius:1px;background-color:#127e57\">Volver al Directorio<\/a><\/div>\n<\/div>\n","protected":false},"excerpt":{"rendered":"<p>Especialidad:Infectolog\u00eda Pedi\u00e1trica Consultorio:Hospital Universitario de San LorenzoHorario de Atenci\u00f3n:Lunes 09:00 A 11.00<\/p>\n","protected":false},"author":1,"featured_media":0,"parent":0,"menu_order":0,"comment_status":"closed","ping_status":"closed","template":"fullwidth.php","meta":{"_coblocks_attr":"","_coblocks_dimensions":"","_coblocks_responsive_height":"","_coblocks_accordion_ie_support":"","footnotes":""},"class_list":["post-523","page","type-page","status-publish","hentry"],"_links":{"self":[{"href":"https:\/\/www.spi.org.py\/directorio\/wp-json\/wp\/v2\/pages\/523","targetHints":{"allow":["GET"]}}],"collection":[{"href":"https:\/\/www.spi.org.py\/directorio\/wp-json\/wp\/v2\/pages"}],"about":[{"href":"https:\/\/www.spi.org.py\/directorio\/wp-json\/wp\/v2\/types\/page"}],"author":[{"embeddable":true,"href":"https:\/\/www.spi.org.py\/directorio\/wp-json\/wp\/v2\/users\/1"}],"replies":[{"embeddable":true,"href":"https:\/\/www.spi.org.py\/directorio\/wp-json\/wp\/v2\/comments?post=523"}],"version-history":[{"count":2,"href":"https:\/\/www.spi.org.py\/directorio\/wp-json\/wp\/v2\/pages\/523\/revisions"}],"predecessor-version":[{"id":536,"href":"https:\/\/www.spi.org.py\/directorio\/wp-json\/wp\/v2\/pages\/523\/revisions\/536"}],"wp:attachment":[{"href":"https:\/\/www.spi.org.py\/directorio\/wp-json\/wp\/v2\/media?parent=523"}],"curies":[{"name":"wp","href":"https:\/\/api.w.org\/{rel}","templated":true}]}}