{"id":214,"date":"2022-04-29T17:55:01","date_gmt":"2022-04-29T17:55:01","guid":{"rendered":"https:\/\/www.spi.org.py\/directorio\/?page_id=214"},"modified":"2022-05-05T15:10:16","modified_gmt":"2022-05-05T15:10:16","slug":"wilson-martin-aguero-echeverria","status":"publish","type":"page","link":"https:\/\/www.spi.org.py\/directorio\/wilson-martin-aguero-echeverria\/","title":{"rendered":"Wilson Mart\u00edn Ag\u00fcero Echeverr\u00eda"},"content":{"rendered":"\n<div class=\"wp-block-media-text alignwide is-stacked-on-mobile is-vertically-aligned-top\" style=\"grid-template-columns:17% auto\"><figure class=\"wp-block-media-text__media\"><img loading=\"lazy\" decoding=\"async\" width=\"150\" height=\"150\" src=\"https:\/\/www.spi.org.py\/directorio\/wp-content\/uploads\/2022\/04\/wilson-150x150-1.jpg\" alt=\"\" class=\"wp-image-140 size-full\"\/><\/figure><div class=\"wp-block-media-text__content\">\n<p><strong>Especialidad:<\/strong><br>Infect\u00f3log\u00eda Pedi\u00e1trica.<\/p>\n\n\n\n<p><strong>Consultorio:<\/strong><br>Centro M\u00e9dico La Costa Lynch.<br><strong>Horario de Atenci\u00f3n:<\/strong><br>Lunes a viernes de 13:00 a 19:15 hs.<br>S\u00e1bados de 07:00 hs. a 17:00 hs.<br><strong>Tel\u00e9fonos:<\/strong><br>021-6583256<\/p>\n<\/div><\/div>\n\n\n\n<hr class=\"wp-block-separator is-style-wide\"\/>\n\n\n\n<div class=\"wp-block-buttons is-content-justification-center is-layout-flex wp-container-core-buttons-is-layout-16018d1d wp-block-buttons-is-layout-flex\">\n<div class=\"wp-block-button is-style-shadow\"><a class=\"wp-block-button__link has-white-color has-text-color has-background\" href=\"https:\/\/www.spi.org.py\/directorio\/\" style=\"border-radius:1px;background-color:#127e57\">Volver al Directorio<\/a><\/div>\n<\/div>\n","protected":false},"excerpt":{"rendered":"<p>Especialidad:Infect\u00f3log\u00eda Pedi\u00e1trica. Consultorio:Centro M\u00e9dico La Costa Lynch.Horario de Atenci\u00f3n:Lunes a viernes de 13:00 a 19:15 hs.S\u00e1bados de 07:00 hs. a 17:00 hs.Tel\u00e9fonos:021-6583256<\/p>\n","protected":false},"author":1,"featured_media":0,"parent":0,"menu_order":0,"comment_status":"closed","ping_status":"closed","template":"fullwidth.php","meta":{"_coblocks_attr":"","_coblocks_dimensions":"","_coblocks_responsive_height":"","_coblocks_accordion_ie_support":"","footnotes":""},"class_list":["post-214","page","type-page","status-publish","hentry"],"_links":{"self":[{"href":"https:\/\/www.spi.org.py\/directorio\/wp-json\/wp\/v2\/pages\/214","targetHints":{"allow":["GET"]}}],"collection":[{"href":"https:\/\/www.spi.org.py\/directorio\/wp-json\/wp\/v2\/pages"}],"about":[{"href":"https:\/\/www.spi.org.py\/directorio\/wp-json\/wp\/v2\/types\/page"}],"author":[{"embeddable":true,"href":"https:\/\/www.spi.org.py\/directorio\/wp-json\/wp\/v2\/users\/1"}],"replies":[{"embeddable":true,"href":"https:\/\/www.spi.org.py\/directorio\/wp-json\/wp\/v2\/comments?post=214"}],"version-history":[{"count":3,"href":"https:\/\/www.spi.org.py\/directorio\/wp-json\/wp\/v2\/pages\/214\/revisions"}],"predecessor-version":[{"id":461,"href":"https:\/\/www.spi.org.py\/directorio\/wp-json\/wp\/v2\/pages\/214\/revisions\/461"}],"wp:attachment":[{"href":"https:\/\/www.spi.org.py\/directorio\/wp-json\/wp\/v2\/media?parent=214"}],"curies":[{"name":"wp","href":"https:\/\/api.w.org\/{rel}","templated":true}]}}