{"id":210,"date":"2022-04-29T17:53:02","date_gmt":"2022-04-29T17:53:02","guid":{"rendered":"https:\/\/www.spi.org.py\/directorio\/?page_id=210"},"modified":"2022-05-05T15:09:09","modified_gmt":"2022-05-05T15:09:09","slug":"virgilio-lezcano","status":"publish","type":"page","link":"https:\/\/www.spi.org.py\/directorio\/virgilio-lezcano\/","title":{"rendered":"Virgilio Lezcano"},"content":{"rendered":"\n<div class=\"wp-block-media-text alignwide is-stacked-on-mobile is-vertically-aligned-top\" style=\"grid-template-columns:17% auto\"><figure class=\"wp-block-media-text__media\"><img loading=\"lazy\" decoding=\"async\" width=\"150\" height=\"150\" src=\"https:\/\/www.spi.org.py\/directorio\/wp-content\/uploads\/2022\/05\/virgiliolezcano.jpg\" alt=\"\" class=\"wp-image-299 size-full\"\/><\/figure><div class=\"wp-block-media-text__content\">\n<p><strong>Especialidad:<\/strong><br>Infectolog\u00eda Cl\u00ednica.<\/p>\n\n\n\n<p><strong>Consultorio:<\/strong><br>Sanatorio Italiano.<br><strong>Direcci\u00f3n:<\/strong><br>Zanotti Cavazoni casi Espa\u00f1a.<br><strong>Horario de Atenci\u00f3n:<\/strong><br>Por agendamiento: Jueves de 9:00 a 13:00 hs. <br><strong>Tel\u00e9fonos:<\/strong><br>0974-252525  &#8211; 021-210154<\/p>\n<\/div><\/div>\n\n\n\n<hr class=\"wp-block-separator is-style-wide\"\/>\n\n\n\n<div class=\"wp-block-buttons is-content-justification-center is-layout-flex wp-container-core-buttons-is-layout-16018d1d wp-block-buttons-is-layout-flex\">\n<div class=\"wp-block-button is-style-shadow\"><a class=\"wp-block-button__link has-white-color has-text-color has-background\" href=\"https:\/\/www.spi.org.py\/directorio\/\" style=\"border-radius:1px;background-color:#127e57\">Volver al Directorio<\/a><\/div>\n<\/div>\n","protected":false},"excerpt":{"rendered":"<p>Especialidad:Infectolog\u00eda Cl\u00ednica. Consultorio:Sanatorio Italiano.Direcci\u00f3n:Zanotti Cavazoni casi Espa\u00f1a.Horario de Atenci\u00f3n:Por agendamiento: Jueves de 9:00 a 13:00 hs. Tel\u00e9fonos:0974-252525 &#8211; 021-210154<\/p>\n","protected":false},"author":1,"featured_media":0,"parent":0,"menu_order":0,"comment_status":"closed","ping_status":"closed","template":"fullwidth.php","meta":{"_coblocks_attr":"","_coblocks_dimensions":"","_coblocks_responsive_height":"","_coblocks_accordion_ie_support":"","footnotes":""},"class_list":["post-210","page","type-page","status-publish","hentry"],"_links":{"self":[{"href":"https:\/\/www.spi.org.py\/directorio\/wp-json\/wp\/v2\/pages\/210","targetHints":{"allow":["GET"]}}],"collection":[{"href":"https:\/\/www.spi.org.py\/directorio\/wp-json\/wp\/v2\/pages"}],"about":[{"href":"https:\/\/www.spi.org.py\/directorio\/wp-json\/wp\/v2\/types\/page"}],"author":[{"embeddable":true,"href":"https:\/\/www.spi.org.py\/directorio\/wp-json\/wp\/v2\/users\/1"}],"replies":[{"embeddable":true,"href":"https:\/\/www.spi.org.py\/directorio\/wp-json\/wp\/v2\/comments?post=210"}],"version-history":[{"count":4,"href":"https:\/\/www.spi.org.py\/directorio\/wp-json\/wp\/v2\/pages\/210\/revisions"}],"predecessor-version":[{"id":459,"href":"https:\/\/www.spi.org.py\/directorio\/wp-json\/wp\/v2\/pages\/210\/revisions\/459"}],"wp:attachment":[{"href":"https:\/\/www.spi.org.py\/directorio\/wp-json\/wp\/v2\/media?parent=210"}],"curies":[{"name":"wp","href":"https:\/\/api.w.org\/{rel}","templated":true}]}}