{"id":208,"date":"2022-04-29T17:52:07","date_gmt":"2022-04-29T17:52:07","guid":{"rendered":"https:\/\/www.spi.org.py\/directorio\/?page_id=208"},"modified":"2022-05-05T15:08:27","modified_gmt":"2022-05-05T15:08:27","slug":"teresa-noemi-fernandez","status":"publish","type":"page","link":"https:\/\/www.spi.org.py\/directorio\/teresa-noemi-fernandez\/","title":{"rendered":"Teresa Noem\u00ed Fern\u00e1ndez"},"content":{"rendered":"\n<div class=\"wp-block-media-text alignwide is-stacked-on-mobile is-vertically-aligned-top\" style=\"grid-template-columns:17% auto\"><figure class=\"wp-block-media-text__media\"><img loading=\"lazy\" decoding=\"async\" width=\"150\" height=\"150\" src=\"https:\/\/www.spi.org.py\/directorio\/wp-content\/uploads\/2022\/04\/unknowimage2.jpg\" alt=\"\" class=\"wp-image-17 size-full\"\/><\/figure><div class=\"wp-block-media-text__content\">\n<p><strong>Especialidad:<\/strong><br>Infectolog\u00eda Pedi\u00e1trica.<\/p>\n\n\n\n<p><strong>Consultorio:<\/strong><br>Hospital Militar.<br><strong>Horario de Atenci\u00f3n:<\/strong><br>Viernes 8:00 a 11:00 hs y de 14:00 a 17:00hs.<\/p>\n\n\n\n<p>PS San Vicente de Paul.<br><strong>Horario de Atenci\u00f3n:<\/strong><br>Lunes a jueves de 14:00 a 17:00 hs<\/p>\n<\/div><\/div>\n\n\n\n<hr class=\"wp-block-separator is-style-wide\"\/>\n\n\n\n<div class=\"wp-block-buttons is-content-justification-center is-layout-flex wp-container-core-buttons-is-layout-16018d1d wp-block-buttons-is-layout-flex\">\n<div class=\"wp-block-button is-style-shadow\"><a class=\"wp-block-button__link has-white-color has-text-color has-background\" href=\"https:\/\/www.spi.org.py\/directorio\/\" style=\"border-radius:1px;background-color:#127e57\">Volver al Directorio<\/a><\/div>\n<\/div>\n","protected":false},"excerpt":{"rendered":"<p>Especialidad:Infectolog\u00eda Pedi\u00e1trica. Consultorio:Hospital Militar.Horario de Atenci\u00f3n:Viernes 8:00 a 11:00 hs y de 14:00 a 17:00hs. PS San Vicente de Paul.Horario de Atenci\u00f3n:Lunes a jueves de 14:00 a 17:00 hs<\/p>\n","protected":false},"author":1,"featured_media":0,"parent":0,"menu_order":0,"comment_status":"closed","ping_status":"closed","template":"fullwidth.php","meta":{"_coblocks_attr":"","_coblocks_dimensions":"","_coblocks_responsive_height":"","_coblocks_accordion_ie_support":"","footnotes":""},"class_list":["post-208","page","type-page","status-publish","hentry"],"_links":{"self":[{"href":"https:\/\/www.spi.org.py\/directorio\/wp-json\/wp\/v2\/pages\/208","targetHints":{"allow":["GET"]}}],"collection":[{"href":"https:\/\/www.spi.org.py\/directorio\/wp-json\/wp\/v2\/pages"}],"about":[{"href":"https:\/\/www.spi.org.py\/directorio\/wp-json\/wp\/v2\/types\/page"}],"author":[{"embeddable":true,"href":"https:\/\/www.spi.org.py\/directorio\/wp-json\/wp\/v2\/users\/1"}],"replies":[{"embeddable":true,"href":"https:\/\/www.spi.org.py\/directorio\/wp-json\/wp\/v2\/comments?post=208"}],"version-history":[{"count":3,"href":"https:\/\/www.spi.org.py\/directorio\/wp-json\/wp\/v2\/pages\/208\/revisions"}],"predecessor-version":[{"id":458,"href":"https:\/\/www.spi.org.py\/directorio\/wp-json\/wp\/v2\/pages\/208\/revisions\/458"}],"wp:attachment":[{"href":"https:\/\/www.spi.org.py\/directorio\/wp-json\/wp\/v2\/media?parent=208"}],"curies":[{"name":"wp","href":"https:\/\/api.w.org\/{rel}","templated":true}]}}