{"id":197,"date":"2022-04-29T17:46:59","date_gmt":"2022-04-29T17:46:59","guid":{"rendered":"https:\/\/www.spi.org.py\/directorio\/?page_id=197"},"modified":"2022-05-11T16:07:01","modified_gmt":"2022-05-11T16:07:01","slug":"mirna-raquel-cuevas-bogado","status":"publish","type":"page","link":"https:\/\/www.spi.org.py\/directorio\/mirna-raquel-cuevas-bogado\/","title":{"rendered":"Mirna Raquel Cuevas Bogado"},"content":{"rendered":"\n<div class=\"wp-block-media-text alignwide is-stacked-on-mobile is-vertically-aligned-top\" style=\"grid-template-columns:17% auto\"><figure class=\"wp-block-media-text__media\"><img loading=\"lazy\" decoding=\"async\" width=\"150\" height=\"150\" src=\"https:\/\/www.spi.org.py\/directorio\/wp-content\/uploads\/2022\/05\/mirnaCuevas.jpg\" alt=\"\" class=\"wp-image-506 size-full\"\/><\/figure><div class=\"wp-block-media-text__content\">\n<p><strong>Especialidad:<\/strong><br>Infectolog\u00eda Cl\u00ednica<\/p>\n\n\n\n<p><strong>Consultorio:<\/strong><br>Sanatorio Enciso,<br><strong>Horario de Atenci\u00f3n:<\/strong><br>Lunes 8:30 a 11:00 hs.<br><strong>Tel\u00e9fonos:<\/strong><br>0992-227621<\/p>\n\n\n\n<p>Sanatorio Cruz Verde<br><strong>Horario de Atenci\u00f3n:<\/strong><br>Viernes desde las 15:00hs<br><strong>Tel\u00e9fonos:<\/strong> <br>0983-580985<\/p>\n\n\n\n<p>Hospital Regional de Villarrica,<br><strong>Horario de Atenci\u00f3n:<\/strong><br>Martes y mi\u00e9rcoles 13:00 a 17:00 hs por orden de llegada<\/p>\n\n\n\n<p>IPS Villarrica.<br><strong>Horario de Atenci\u00f3n:<\/strong><br>Jueves desde las 07:00hs<br>Viernes desde las 10:00hs<br><strong>Tel\u00e9fonos:<\/strong> <br>Agendamiento previo por Call center 021 2197000 IP 37604 \/ IP 37608<\/p>\n<\/div><\/div>\n\n\n\n<hr class=\"wp-block-separator is-style-wide\"\/>\n\n\n\n<div class=\"wp-block-buttons is-content-justification-center is-layout-flex wp-container-core-buttons-is-layout-16018d1d wp-block-buttons-is-layout-flex\">\n<div class=\"wp-block-button is-style-shadow\"><a class=\"wp-block-button__link has-white-color has-text-color has-background\" href=\"https:\/\/www.spi.org.py\/directorio\/\" style=\"border-radius:1px;background-color:#127e57\">Volver al Directorio<\/a><\/div>\n<\/div>\n","protected":false},"excerpt":{"rendered":"<p>Especialidad:Infectolog\u00eda Cl\u00ednica Consultorio:Sanatorio Enciso,Horario de Atenci\u00f3n:Lunes 8:30 a 11:00 hs.Tel\u00e9fonos:0992-227621 Sanatorio Cruz VerdeHorario de Atenci\u00f3n:Viernes desde las 15:00hsTel\u00e9fonos: 0983-580985 Hospital Regional de Villarrica,Horario de Atenci\u00f3n:Martes y mi\u00e9rcoles 13:00 a 17:00 hs por orden de llegada IPS Villarrica.Horario de Atenci\u00f3n:Jueves desde las 07:00hsViernes desde las 10:00hsTel\u00e9fonos: Agendamiento previo por Call center 021 2197000 IP 37604 \/ [&hellip;]<\/p>\n","protected":false},"author":1,"featured_media":0,"parent":0,"menu_order":0,"comment_status":"closed","ping_status":"closed","template":"fullwidth.php","meta":{"_coblocks_attr":"","_coblocks_dimensions":"","_coblocks_responsive_height":"","_coblocks_accordion_ie_support":"","footnotes":""},"class_list":["post-197","page","type-page","status-publish","hentry"],"_links":{"self":[{"href":"https:\/\/www.spi.org.py\/directorio\/wp-json\/wp\/v2\/pages\/197","targetHints":{"allow":["GET"]}}],"collection":[{"href":"https:\/\/www.spi.org.py\/directorio\/wp-json\/wp\/v2\/pages"}],"about":[{"href":"https:\/\/www.spi.org.py\/directorio\/wp-json\/wp\/v2\/types\/page"}],"author":[{"embeddable":true,"href":"https:\/\/www.spi.org.py\/directorio\/wp-json\/wp\/v2\/users\/1"}],"replies":[{"embeddable":true,"href":"https:\/\/www.spi.org.py\/directorio\/wp-json\/wp\/v2\/comments?post=197"}],"version-history":[{"count":6,"href":"https:\/\/www.spi.org.py\/directorio\/wp-json\/wp\/v2\/pages\/197\/revisions"}],"predecessor-version":[{"id":511,"href":"https:\/\/www.spi.org.py\/directorio\/wp-json\/wp\/v2\/pages\/197\/revisions\/511"}],"wp:attachment":[{"href":"https:\/\/www.spi.org.py\/directorio\/wp-json\/wp\/v2\/media?parent=197"}],"curies":[{"name":"wp","href":"https:\/\/api.w.org\/{rel}","templated":true}]}}