{"id":195,"date":"2022-04-29T17:46:08","date_gmt":"2022-04-29T17:46:08","guid":{"rendered":"https:\/\/www.spi.org.py\/directorio\/?page_id=195"},"modified":"2022-05-05T15:03:32","modified_gmt":"2022-05-05T15:03:32","slug":"mariano-portillo","status":"publish","type":"page","link":"https:\/\/www.spi.org.py\/directorio\/mariano-portillo\/","title":{"rendered":"Mariano Portillo"},"content":{"rendered":"\n<div class=\"wp-block-media-text alignwide is-stacked-on-mobile is-vertically-aligned-top\" style=\"grid-template-columns:17% auto\"><figure class=\"wp-block-media-text__media\"><img loading=\"lazy\" decoding=\"async\" width=\"150\" height=\"150\" src=\"https:\/\/www.spi.org.py\/directorio\/wp-content\/uploads\/2022\/04\/marianoportillo.jpg\" alt=\"\" class=\"wp-image-132 size-full\"\/><\/figure><div class=\"wp-block-media-text__content\">\n<p><strong>Especialidad:<\/strong><br>Infectolog\u00eda Cl\u00ednica.<\/p>\n\n\n\n<p><strong>Consultorio:<\/strong><br>Cl\u00ednica J\u00e1cobi.<br><strong>Direcci\u00f3n:<\/strong><br>Av. Del Pueblo N\u00ba 254 \u2013 Lambar\u00e9<br><strong>Horario de Atenci\u00f3n:<\/strong><br>Citas por agendamiento de lunes a viernes<br><strong>Tel\u00e9fonos:<\/strong><br>0974-561016 &#8211; 021-6889900<\/p>\n<\/div><\/div>\n\n\n\n<hr class=\"wp-block-separator is-style-wide\"\/>\n\n\n\n<div class=\"wp-block-buttons is-content-justification-center is-layout-flex wp-container-core-buttons-is-layout-16018d1d wp-block-buttons-is-layout-flex\">\n<div class=\"wp-block-button is-style-shadow\"><a class=\"wp-block-button__link has-white-color has-text-color has-background\" href=\"https:\/\/www.spi.org.py\/directorio\/\" style=\"border-radius:1px;background-color:#127e57\">Volver al Directorio<\/a><\/div>\n<\/div>\n","protected":false},"excerpt":{"rendered":"<p>Especialidad:Infectolog\u00eda Cl\u00ednica. Consultorio:Cl\u00ednica J\u00e1cobi.Direcci\u00f3n:Av. Del Pueblo N\u00ba 254 \u2013 Lambar\u00e9Horario de Atenci\u00f3n:Citas por agendamiento de lunes a viernesTel\u00e9fonos:0974-561016 &#8211; 021-6889900<\/p>\n","protected":false},"author":1,"featured_media":0,"parent":0,"menu_order":0,"comment_status":"closed","ping_status":"closed","template":"fullwidth.php","meta":{"_coblocks_attr":"","_coblocks_dimensions":"","_coblocks_responsive_height":"","_coblocks_accordion_ie_support":"","footnotes":""},"class_list":["post-195","page","type-page","status-publish","hentry"],"_links":{"self":[{"href":"https:\/\/www.spi.org.py\/directorio\/wp-json\/wp\/v2\/pages\/195","targetHints":{"allow":["GET"]}}],"collection":[{"href":"https:\/\/www.spi.org.py\/directorio\/wp-json\/wp\/v2\/pages"}],"about":[{"href":"https:\/\/www.spi.org.py\/directorio\/wp-json\/wp\/v2\/types\/page"}],"author":[{"embeddable":true,"href":"https:\/\/www.spi.org.py\/directorio\/wp-json\/wp\/v2\/users\/1"}],"replies":[{"embeddable":true,"href":"https:\/\/www.spi.org.py\/directorio\/wp-json\/wp\/v2\/comments?post=195"}],"version-history":[{"count":3,"href":"https:\/\/www.spi.org.py\/directorio\/wp-json\/wp\/v2\/pages\/195\/revisions"}],"predecessor-version":[{"id":451,"href":"https:\/\/www.spi.org.py\/directorio\/wp-json\/wp\/v2\/pages\/195\/revisions\/451"}],"wp:attachment":[{"href":"https:\/\/www.spi.org.py\/directorio\/wp-json\/wp\/v2\/media?parent=195"}],"curies":[{"name":"wp","href":"https:\/\/api.w.org\/{rel}","templated":true}]}}