{"id":189,"date":"2022-04-29T17:43:10","date_gmt":"2022-04-29T17:43:10","guid":{"rendered":"https:\/\/www.spi.org.py\/directorio\/?page_id=189"},"modified":"2022-05-30T14:47:47","modified_gmt":"2022-05-30T14:47:47","slug":"maria-cristina-vicenti-gracia","status":"publish","type":"page","link":"https:\/\/www.spi.org.py\/directorio\/maria-cristina-vicenti-gracia\/","title":{"rendered":"Mar\u00eda Cristina Vicenti Gracia"},"content":{"rendered":"\n<div class=\"wp-block-media-text alignwide is-stacked-on-mobile is-vertically-aligned-top\" style=\"grid-template-columns:17% auto\"><figure class=\"wp-block-media-text__media\"><img loading=\"lazy\" decoding=\"async\" width=\"150\" height=\"150\" src=\"https:\/\/www.spi.org.py\/directorio\/wp-content\/uploads\/2022\/04\/vicenti2.jpg\" alt=\"\" class=\"wp-image-126 size-full\"\/><\/figure><div class=\"wp-block-media-text__content\">\n<p><strong>Especialidad:<\/strong><br>Infectolog\u00eda Cl\u00ednica<\/p>\n\n\n\n<p><strong>Horario de Atenci\u00f3n:<\/strong><br>Teleconsultas y visita domiciliaria<\/p>\n\n\n\n<p><strong>Tel\u00e9fonos:<\/strong><br>0992-295340<br><br><strong>Consultorio:<\/strong><br>Urgencias del Instituto de Medicina Tropical.<\/p>\n\n\n\n<p><strong>Horario de Atenci\u00f3n:<\/strong><br>Lunes, mi\u00e9rcoles, jueves y viernes<br>de 07:00 a 13:00 horas<\/p>\n<\/div><\/div>\n\n\n\n<hr class=\"wp-block-separator has-css-opacity is-style-wide\"\/>\n\n\n\n<div class=\"wp-block-buttons is-content-justification-center is-layout-flex wp-container-core-buttons-is-layout-16018d1d wp-block-buttons-is-layout-flex\">\n<div class=\"wp-block-button is-style-shadow\"><a class=\"wp-block-button__link has-white-color has-text-color has-background\" href=\"https:\/\/www.spi.org.py\/directorio\/\" style=\"border-radius:1px;background-color:#127e57\">Volver al Directorio<\/a><\/div>\n<\/div>\n","protected":false},"excerpt":{"rendered":"<p>Especialidad:Infectolog\u00eda Cl\u00ednica Horario de Atenci\u00f3n:Teleconsultas y visita domiciliaria Tel\u00e9fonos:0992-295340 Consultorio:Urgencias del Instituto de Medicina Tropical. Horario de Atenci\u00f3n:Lunes, mi\u00e9rcoles, jueves y viernesde 07:00 a 13:00 horas<\/p>\n","protected":false},"author":1,"featured_media":0,"parent":0,"menu_order":0,"comment_status":"closed","ping_status":"closed","template":"full-width.php","meta":{"_coblocks_attr":"","_coblocks_dimensions":"","_coblocks_responsive_height":"","_coblocks_accordion_ie_support":"","footnotes":""},"class_list":["post-189","page","type-page","status-publish","hentry"],"_links":{"self":[{"href":"https:\/\/www.spi.org.py\/directorio\/wp-json\/wp\/v2\/pages\/189","targetHints":{"allow":["GET"]}}],"collection":[{"href":"https:\/\/www.spi.org.py\/directorio\/wp-json\/wp\/v2\/pages"}],"about":[{"href":"https:\/\/www.spi.org.py\/directorio\/wp-json\/wp\/v2\/types\/page"}],"author":[{"embeddable":true,"href":"https:\/\/www.spi.org.py\/directorio\/wp-json\/wp\/v2\/users\/1"}],"replies":[{"embeddable":true,"href":"https:\/\/www.spi.org.py\/directorio\/wp-json\/wp\/v2\/comments?post=189"}],"version-history":[{"count":4,"href":"https:\/\/www.spi.org.py\/directorio\/wp-json\/wp\/v2\/pages\/189\/revisions"}],"predecessor-version":[{"id":574,"href":"https:\/\/www.spi.org.py\/directorio\/wp-json\/wp\/v2\/pages\/189\/revisions\/574"}],"wp:attachment":[{"href":"https:\/\/www.spi.org.py\/directorio\/wp-json\/wp\/v2\/media?parent=189"}],"curies":[{"name":"wp","href":"https:\/\/api.w.org\/{rel}","templated":true}]}}