{"id":181,"date":"2022-04-29T17:37:44","date_gmt":"2022-04-29T17:37:44","guid":{"rendered":"https:\/\/www.spi.org.py\/directorio\/?page_id=181"},"modified":"2023-07-14T21:45:41","modified_gmt":"2023-07-14T21:45:41","slug":"hernan-diosnel-rodriguez-enciso","status":"publish","type":"page","link":"https:\/\/www.spi.org.py\/directorio\/hernan-diosnel-rodriguez-enciso\/","title":{"rendered":"Hern\u00e1n Diosnel Rodr\u00edguez Enciso"},"content":{"rendered":"\n<div class=\"wp-block-media-text alignwide is-stacked-on-mobile is-vertically-aligned-top\" style=\"grid-template-columns:17% auto\"><figure class=\"wp-block-media-text__media\"><img loading=\"lazy\" decoding=\"async\" width=\"150\" height=\"150\" src=\"https:\/\/www.spi.org.py\/directorio\/wp-content\/uploads\/2023\/07\/drHernanRodriguez.jpg\" alt=\"\" class=\"wp-image-590 size-full\"\/><\/figure><div class=\"wp-block-media-text__content\">\n<p><strong>Especialidad:<\/strong><br>Infectolog\u00eda Cl\u00ednica.<\/p>\n\n\n\n<p><strong>Consultorio:<\/strong><br>Cl\u00ednica Vanguardia<br>Martes y Mi\u00e9rcoles<br>Agendamiento<br>0994 466688<\/p>\n\n\n\n<p>Sanatorio Adventista<br>Jueves<br>Agendamiento<br>0986 302044<\/p>\n\n\n\n<p>Sanatorio San Lucas<br>Horario a convenir con el\/la paciente<br>Agendamiento<br>0971 202882<\/p>\n<\/div><\/div>\n\n\n\n<hr class=\"wp-block-separator has-css-opacity is-style-wide\"\/>\n\n\n\n<div class=\"wp-block-buttons is-content-justification-center is-layout-flex wp-container-core-buttons-is-layout-16018d1d wp-block-buttons-is-layout-flex\">\n<div class=\"wp-block-button is-style-shadow\"><a class=\"wp-block-button__link has-white-color has-text-color has-background wp-element-button\" href=\"https:\/\/www.spi.org.py\/directorio\/\" style=\"border-radius:1px;background-color:#127e57\">Volver al Directorio<\/a><\/div>\n<\/div>\n","protected":false},"excerpt":{"rendered":"<p>Especialidad:Infectolog\u00eda Cl\u00ednica. Consultorio:Cl\u00ednica VanguardiaMartes y Mi\u00e9rcolesAgendamiento0994 466688 Sanatorio AdventistaJuevesAgendamiento0986 302044 Sanatorio San LucasHorario a convenir con el\/la pacienteAgendamiento0971 202882<\/p>\n","protected":false},"author":1,"featured_media":0,"parent":0,"menu_order":0,"comment_status":"closed","ping_status":"closed","template":"fullwidth.php","meta":{"_coblocks_attr":"","_coblocks_dimensions":"","_coblocks_responsive_height":"","_coblocks_accordion_ie_support":"","footnotes":""},"class_list":["post-181","page","type-page","status-publish","hentry"],"_links":{"self":[{"href":"https:\/\/www.spi.org.py\/directorio\/wp-json\/wp\/v2\/pages\/181","targetHints":{"allow":["GET"]}}],"collection":[{"href":"https:\/\/www.spi.org.py\/directorio\/wp-json\/wp\/v2\/pages"}],"about":[{"href":"https:\/\/www.spi.org.py\/directorio\/wp-json\/wp\/v2\/types\/page"}],"author":[{"embeddable":true,"href":"https:\/\/www.spi.org.py\/directorio\/wp-json\/wp\/v2\/users\/1"}],"replies":[{"embeddable":true,"href":"https:\/\/www.spi.org.py\/directorio\/wp-json\/wp\/v2\/comments?post=181"}],"version-history":[{"count":7,"href":"https:\/\/www.spi.org.py\/directorio\/wp-json\/wp\/v2\/pages\/181\/revisions"}],"predecessor-version":[{"id":595,"href":"https:\/\/www.spi.org.py\/directorio\/wp-json\/wp\/v2\/pages\/181\/revisions\/595"}],"wp:attachment":[{"href":"https:\/\/www.spi.org.py\/directorio\/wp-json\/wp\/v2\/media?parent=181"}],"curies":[{"name":"wp","href":"https:\/\/api.w.org\/{rel}","templated":true}]}}