{"id":179,"date":"2022-04-29T17:36:35","date_gmt":"2022-04-29T17:36:35","guid":{"rendered":"https:\/\/www.spi.org.py\/directorio\/?page_id=179"},"modified":"2022-05-05T14:54:38","modified_gmt":"2022-05-05T14:54:38","slug":"gustavo-benitez-estigarribia","status":"publish","type":"page","link":"https:\/\/www.spi.org.py\/directorio\/gustavo-benitez-estigarribia\/","title":{"rendered":"Gustavo Ben\u00edtez Estigarribia"},"content":{"rendered":"\n<div class=\"wp-block-media-text alignwide is-stacked-on-mobile is-vertically-aligned-top\" style=\"grid-template-columns:17% auto\"><figure class=\"wp-block-media-text__media\"><img loading=\"lazy\" decoding=\"async\" width=\"150\" height=\"150\" src=\"https:\/\/www.spi.org.py\/directorio\/wp-content\/uploads\/2022\/04\/dr.gustavo-Benitez-Estigarriba.jpg\" alt=\"\" class=\"wp-image-118 size-full\"\/><\/figure><div class=\"wp-block-media-text__content\">\n<p><strong>Especialidad:<\/strong><br>Infectolog\u00eda Cl\u00ednica<\/p>\n\n\n\n<p><strong>Consultorio:<\/strong><br>IMT\/IPS\/HT\/INC MSP.<\/p>\n\n\n\n<p>Sanatorio San Sebasti\u00e1n<br><strong>Horario de Atenci\u00f3n:<\/strong><br>Martes jueves 19:30 hs.<br><strong>Tel\u00e9fonos:<\/strong><br>021-675591<\/p>\n<\/div><\/div>\n\n\n\n<hr class=\"wp-block-separator is-style-wide\"\/>\n\n\n\n<div class=\"wp-block-buttons is-content-justification-center is-layout-flex wp-container-core-buttons-is-layout-16018d1d wp-block-buttons-is-layout-flex\">\n<div class=\"wp-block-button is-style-shadow\"><a class=\"wp-block-button__link has-white-color has-text-color has-background\" href=\"https:\/\/www.spi.org.py\/directorio\/\" style=\"border-radius:1px;background-color:#127e57\">Volver al Directorio<\/a><\/div>\n<\/div>\n","protected":false},"excerpt":{"rendered":"<p>Especialidad:Infectolog\u00eda Cl\u00ednica Consultorio:IMT\/IPS\/HT\/INC MSP. Sanatorio San Sebasti\u00e1nHorario de Atenci\u00f3n:Martes jueves 19:30 hs.Tel\u00e9fonos:021-675591<\/p>\n","protected":false},"author":1,"featured_media":0,"parent":0,"menu_order":0,"comment_status":"closed","ping_status":"closed","template":"fullwidth.php","meta":{"_coblocks_attr":"","_coblocks_dimensions":"","_coblocks_responsive_height":"","_coblocks_accordion_ie_support":"","footnotes":""},"class_list":["post-179","page","type-page","status-publish","hentry"],"_links":{"self":[{"href":"https:\/\/www.spi.org.py\/directorio\/wp-json\/wp\/v2\/pages\/179","targetHints":{"allow":["GET"]}}],"collection":[{"href":"https:\/\/www.spi.org.py\/directorio\/wp-json\/wp\/v2\/pages"}],"about":[{"href":"https:\/\/www.spi.org.py\/directorio\/wp-json\/wp\/v2\/types\/page"}],"author":[{"embeddable":true,"href":"https:\/\/www.spi.org.py\/directorio\/wp-json\/wp\/v2\/users\/1"}],"replies":[{"embeddable":true,"href":"https:\/\/www.spi.org.py\/directorio\/wp-json\/wp\/v2\/comments?post=179"}],"version-history":[{"count":3,"href":"https:\/\/www.spi.org.py\/directorio\/wp-json\/wp\/v2\/pages\/179\/revisions"}],"predecessor-version":[{"id":444,"href":"https:\/\/www.spi.org.py\/directorio\/wp-json\/wp\/v2\/pages\/179\/revisions\/444"}],"wp:attachment":[{"href":"https:\/\/www.spi.org.py\/directorio\/wp-json\/wp\/v2\/media?parent=179"}],"curies":[{"name":"wp","href":"https:\/\/api.w.org\/{rel}","templated":true}]}}