{"id":173,"date":"2022-04-29T17:33:19","date_gmt":"2022-04-29T17:33:19","guid":{"rendered":"https:\/\/www.spi.org.py\/directorio\/?page_id=173"},"modified":"2022-05-12T13:20:30","modified_gmt":"2022-05-12T13:20:30","slug":"fabiola-martinez","status":"publish","type":"page","link":"https:\/\/www.spi.org.py\/directorio\/fabiola-martinez\/","title":{"rendered":"Fabiola Mart\u00ednez"},"content":{"rendered":"\n<div class=\"wp-block-media-text alignwide is-stacked-on-mobile is-vertically-aligned-top\" style=\"grid-template-columns:17% auto\"><figure class=\"wp-block-media-text__media\"><img loading=\"lazy\" decoding=\"async\" width=\"150\" height=\"150\" src=\"https:\/\/www.spi.org.py\/directorio\/wp-content\/uploads\/2022\/05\/fabiolamartinez.jpg\" alt=\"\" class=\"wp-image-550 size-full\"\/><\/figure><div class=\"wp-block-media-text__content\">\n<p><strong>Especialidad:<\/strong><br>Infectolog\u00eda Pedi\u00e1trica<\/p>\n\n\n\n<p><strong>Consultorio:<\/strong> <br>Hospital Central IPS<\/p>\n\n\n\n<p>Plaza Madero<br><strong>Horario de Atenci\u00f3n:<\/strong> <br>Lunes de 8:30 a 10:30 hs. <br><strong>Direcci\u00f3n:<\/strong><br>Autopista Silvio Petirossi, Luque.<br><strong>Telefonos:<\/strong> <br>0992-294687<\/p>\n\n\n\n<p>Mariano Consultorios M\u00e9dicos<br><strong>Horario de Atenci\u00f3n:<\/strong> <br>Lunes de 15:00 a 18:00 hs.<br><strong>Direcci\u00f3n:<\/strong><br>Tte. Irala casi Ruta Transchaco.<br><strong>Tel\u00e9fonos:<\/strong> <br>0972-830037<\/p>\n<\/div><\/div>\n\n\n\n<hr class=\"wp-block-separator is-style-wide\"\/>\n\n\n\n<div class=\"wp-block-buttons is-content-justification-center is-layout-flex wp-container-core-buttons-is-layout-16018d1d wp-block-buttons-is-layout-flex\">\n<div class=\"wp-block-button is-style-shadow\"><a class=\"wp-block-button__link has-white-color has-text-color has-background\" href=\"https:\/\/www.spi.org.py\/directorio\/\" style=\"border-radius:1px;background-color:#127e57\">Volver al Directorio<\/a><\/div>\n<\/div>\n","protected":false},"excerpt":{"rendered":"<p>Especialidad:Infectolog\u00eda Pedi\u00e1trica Consultorio: Hospital Central IPS Plaza MaderoHorario de Atenci\u00f3n: Lunes de 8:30 a 10:30 hs. Direcci\u00f3n:Autopista Silvio Petirossi, Luque.Telefonos: 0992-294687 Mariano Consultorios M\u00e9dicosHorario de Atenci\u00f3n: Lunes de 15:00 a 18:00 hs.Direcci\u00f3n:Tte. Irala casi Ruta Transchaco.Tel\u00e9fonos: 0972-830037<\/p>\n","protected":false},"author":1,"featured_media":0,"parent":0,"menu_order":0,"comment_status":"closed","ping_status":"closed","template":"fullwidth.php","meta":{"_coblocks_attr":"","_coblocks_dimensions":"","_coblocks_responsive_height":"","_coblocks_accordion_ie_support":"","footnotes":""},"class_list":["post-173","page","type-page","status-publish","hentry"],"_links":{"self":[{"href":"https:\/\/www.spi.org.py\/directorio\/wp-json\/wp\/v2\/pages\/173","targetHints":{"allow":["GET"]}}],"collection":[{"href":"https:\/\/www.spi.org.py\/directorio\/wp-json\/wp\/v2\/pages"}],"about":[{"href":"https:\/\/www.spi.org.py\/directorio\/wp-json\/wp\/v2\/types\/page"}],"author":[{"embeddable":true,"href":"https:\/\/www.spi.org.py\/directorio\/wp-json\/wp\/v2\/users\/1"}],"replies":[{"embeddable":true,"href":"https:\/\/www.spi.org.py\/directorio\/wp-json\/wp\/v2\/comments?post=173"}],"version-history":[{"count":4,"href":"https:\/\/www.spi.org.py\/directorio\/wp-json\/wp\/v2\/pages\/173\/revisions"}],"predecessor-version":[{"id":552,"href":"https:\/\/www.spi.org.py\/directorio\/wp-json\/wp\/v2\/pages\/173\/revisions\/552"}],"wp:attachment":[{"href":"https:\/\/www.spi.org.py\/directorio\/wp-json\/wp\/v2\/media?parent=173"}],"curies":[{"name":"wp","href":"https:\/\/api.w.org\/{rel}","templated":true}]}}