{"id":143,"date":"2022-04-29T15:17:15","date_gmt":"2022-04-29T15:17:15","guid":{"rendered":"https:\/\/www.spi.org.py\/directorio\/?page_id=143"},"modified":"2022-05-05T14:36:29","modified_gmt":"2022-05-05T14:36:29","slug":"amanda-guerrero-de-quintana","status":"publish","type":"page","link":"https:\/\/www.spi.org.py\/directorio\/amanda-guerrero-de-quintana\/","title":{"rendered":"Amanda Guerrero de Quintana"},"content":{"rendered":"\n<div class=\"wp-block-media-text alignwide is-stacked-on-mobile is-vertically-aligned-top\" style=\"grid-template-columns:17% auto\"><figure class=\"wp-block-media-text__media\"><img loading=\"lazy\" decoding=\"async\" width=\"150\" height=\"150\" src=\"https:\/\/www.spi.org.py\/directorio\/wp-content\/uploads\/2022\/05\/amandaguerrero2.jpg\" alt=\"\" class=\"wp-image-295 size-full\"\/><\/figure><div class=\"wp-block-media-text__content\">\n<p><strong>Especialidad:<\/strong><br>Infectolog\u00eda Cl\u00ednica.<\/p>\n\n\n\n<p><strong>Consultorio:<\/strong><br>Sanatorio Lomas.<br><strong>Horario de Atenci\u00f3n:<\/strong><br>Lunes 17:00 hs. a 19:00 hs.<\/p>\n\n\n\n<p>Sanatorio Brit\u00e1nico.<br><strong>Horario de Atenci\u00f3n:<\/strong><br>Viernes 16:30 hs a 18:30 hs.<\/p>\n\n\n\n<p>Sanatorio La Costa Artigas.<br><strong>Horario de Atenci\u00f3n:<\/strong><br>Martes de 8:00 hs a 10:00 hs.<\/p>\n<\/div><\/div>\n\n\n\n<hr class=\"wp-block-separator is-style-wide\"\/>\n\n\n\n<div class=\"wp-block-buttons is-content-justification-center is-layout-flex wp-container-core-buttons-is-layout-16018d1d wp-block-buttons-is-layout-flex\">\n<div class=\"wp-block-button is-style-shadow\"><a class=\"wp-block-button__link has-white-color has-text-color has-background\" href=\"https:\/\/www.spi.org.py\/directorio\/\" style=\"border-radius:1px;background-color:#127e57\">Volver al Directorio<\/a><\/div>\n<\/div>\n","protected":false},"excerpt":{"rendered":"<p>Especialidad:Infectolog\u00eda Cl\u00ednica. Consultorio:Sanatorio Lomas.Horario de Atenci\u00f3n:Lunes 17:00 hs. a 19:00 hs. Sanatorio Brit\u00e1nico.Horario de Atenci\u00f3n:Viernes 16:30 hs a 18:30 hs. Sanatorio La Costa Artigas.Horario de Atenci\u00f3n:Martes de 8:00 hs a 10:00 hs.<\/p>\n","protected":false},"author":1,"featured_media":0,"parent":0,"menu_order":0,"comment_status":"closed","ping_status":"closed","template":"fullwidth.php","meta":{"_coblocks_attr":"","_coblocks_dimensions":"","_coblocks_responsive_height":"","_coblocks_accordion_ie_support":"","footnotes":""},"class_list":["post-143","page","type-page","status-publish","hentry"],"_links":{"self":[{"href":"https:\/\/www.spi.org.py\/directorio\/wp-json\/wp\/v2\/pages\/143","targetHints":{"allow":["GET"]}}],"collection":[{"href":"https:\/\/www.spi.org.py\/directorio\/wp-json\/wp\/v2\/pages"}],"about":[{"href":"https:\/\/www.spi.org.py\/directorio\/wp-json\/wp\/v2\/types\/page"}],"author":[{"embeddable":true,"href":"https:\/\/www.spi.org.py\/directorio\/wp-json\/wp\/v2\/users\/1"}],"replies":[{"embeddable":true,"href":"https:\/\/www.spi.org.py\/directorio\/wp-json\/wp\/v2\/comments?post=143"}],"version-history":[{"count":11,"href":"https:\/\/www.spi.org.py\/directorio\/wp-json\/wp\/v2\/pages\/143\/revisions"}],"predecessor-version":[{"id":433,"href":"https:\/\/www.spi.org.py\/directorio\/wp-json\/wp\/v2\/pages\/143\/revisions\/433"}],"wp:attachment":[{"href":"https:\/\/www.spi.org.py\/directorio\/wp-json\/wp\/v2\/media?parent=143"}],"curies":[{"name":"wp","href":"https:\/\/api.w.org\/{rel}","templated":true}]}}